{"id":10,"date":"2021-11-05T13:56:48","date_gmt":"2021-11-05T12:56:48","guid":{"rendered":"http:\/\/acousticpassion.com\/index.php\/cisza\/"},"modified":"2023-10-04T10:35:44","modified_gmt":"2023-10-04T08:35:44","slug":"cisza","status":"publish","type":"page","link":"https:\/\/acousticpassion.com\/index.php\/cisza\/","title":{"rendered":"Cisza"},"content":{"rendered":"<p>[et_pb_section fb_built=&#8221;1&#8243; _builder_version=&#8221;4.16&#8243; _module_preset=&#8221;default&#8221; background_color=&#8221;rgba(0,0,0,0.47)&#8221; background_image=&#8221;https:\/\/acousticpassion.com\/wp-content\/uploads\/2021\/11\/tlo.png&#8221; background_size=&#8221;contain&#8221; background_repeat=&#8221;repeat-x&#8221; custom_padding=&#8221;0vh||0vh||true|false&#8221; global_colors_info=&#8221;{}&#8221; global_module=&#8221;22527&#8243; theme_builder_area=&#8221;post_content&#8221;][et_pb_row column_structure=&#8221;1_2,1_2&#8243; use_custom_gutter=&#8221;on&#8221; gutter_width=&#8221;2&#8243; make_equal=&#8221;on&#8221; module_id=&#8221;reverse&#8221; module_class=&#8221;reverse&#8221; _builder_version=&#8221;4.22.2&#8243; _module_preset=&#8221;default&#8221; width=&#8221;90%&#8221; width_tablet=&#8221;90%&#8221; width_phone=&#8221;90%&#8221; width_last_edited=&#8221;on|tablet&#8221; max_width=&#8221;1110px&#8221; max_width_tablet=&#8221;90%&#8221; max_width_phone=&#8221;90%&#8221; max_width_last_edited=&#8221;on|desktop&#8221; custom_padding=&#8221;0px||0px||true|&#8221; animation_style=&#8221;slide&#8221; animation_direction=&#8221;right&#8221; animation_duration=&#8221;1500ms&#8221; global_colors_info=&#8221;{}&#8221; theme_builder_area=&#8221;post_content&#8221;][et_pb_column type=&#8221;1_2&#8243; _builder_version=&#8221;4.16&#8243; _module_preset=&#8221;default&#8221; global_colors_info=&#8221;{}&#8221; theme_builder_area=&#8221;post_content&#8221;][et_pb_image src=&#8221;https:\/\/acousticpassion.com\/wp-content\/uploads\/2021\/11\/biale-removebg-preview.png&#8221; title_text=&#8221;bia\u0142e-removebg-preview&#8221; _builder_version=&#8221;4.16&#8243; _module_preset=&#8221;default&#8221; global_colors_info=&#8221;{}&#8221; theme_builder_area=&#8221;post_content&#8221;][\/et_pb_image][\/et_pb_column][et_pb_column type=&#8221;1_2&#8243; _builder_version=&#8221;4.16&#8243; _module_preset=&#8221;default&#8221; custom_padding=&#8221;10%||||false|false&#8221; global_colors_info=&#8221;{}&#8221; theme_builder_area=&#8221;post_content&#8221;][et_pb_text _builder_version=&#8221;4.22.2&#8243; _module_preset=&#8221;default&#8221; header_font=&#8221;Alata||||||||&#8221; header_text_align=&#8221;right&#8221; header_text_color=&#8221;#FFFFFF&#8221; header_font_size=&#8221;50px&#8221; header_letter_spacing=&#8221;6px&#8221; header_text_align_tablet=&#8221;&#8221; header_text_align_phone=&#8221;center&#8221; header_text_align_last_edited=&#8221;on|phone&#8221; header_font_size_tablet=&#8221;50px&#8221; header_font_size_phone=&#8221;30px&#8221; header_font_size_last_edited=&#8221;on|phone&#8221; header_letter_spacing_tablet=&#8221;&#8221; header_letter_spacing_phone=&#8221;2px&#8221; header_letter_spacing_last_edited=&#8221;on|phone&#8221; global_colors_info=&#8221;{}&#8221; theme_builder_area=&#8221;post_content&#8221;]<\/p>\n<h1>Akustyka z pasj\u0105<\/h1>\n<p>[\/et_pb_text][et_pb_text _builder_version=&#8221;4.22.2&#8243; _module_preset=&#8221;default&#8221; header_font=&#8221;Alata||||||||&#8221; header_text_align=&#8221;right&#8221; header_text_color=&#8221;#b19777&#8243; header_font_size=&#8221;27px&#8221; header_letter_spacing=&#8221;4px&#8221; header_text_align_tablet=&#8221;&#8221; header_text_align_phone=&#8221;center&#8221; header_text_align_last_edited=&#8221;on|phone&#8221; header_font_size_tablet=&#8221;50px&#8221; header_font_size_phone=&#8221;30px&#8221; header_font_size_last_edited=&#8221;on|phone&#8221; header_letter_spacing_tablet=&#8221;&#8221; header_letter_spacing_phone=&#8221;2px&#8221; header_letter_spacing_last_edited=&#8221;on|phone&#8221; global_colors_info=&#8221;{}&#8221; theme_builder_area=&#8221;post_content&#8221;]<\/p>\n<h1>Na indywidualne zam\u00f3wienie<\/h1>\n<p>[\/et_pb_text][\/et_pb_column][\/et_pb_row][\/et_pb_section][et_pb_section fb_built=&#8221;1&#8243; _builder_version=&#8221;4.16&#8243; _module_preset=&#8221;default&#8221; background_color=&#8221;#272727&#8243; background_enable_image=&#8221;off&#8221; background_size=&#8221;initial&#8221; background_repeat=&#8221;repeat&#8221; custom_padding=&#8221;60px||49px|||&#8221; global_colors_info=&#8221;{}&#8221;][et_pb_row use_custom_gutter=&#8221;on&#8221; gutter_width=&#8221;2&#8243; make_equal=&#8221;on&#8221; _builder_version=&#8221;4.16&#8243; _module_preset=&#8221;default&#8221; width=&#8221;90%&#8221; width_tablet=&#8221;90%&#8221; width_phone=&#8221;90%&#8221; width_last_edited=&#8221;on|tablet&#8221; max_width=&#8221;1110px&#8221; max_width_tablet=&#8221;90%&#8221; max_width_phone=&#8221;90%&#8221; max_width_last_edited=&#8221;on|desktop&#8221; custom_padding=&#8221;0px||0px||true|&#8221; global_colors_info=&#8221;{}&#8221;][et_pb_column type=&#8221;4_4&#8243; _builder_version=&#8221;4.16&#8243; _module_preset=&#8221;default&#8221; global_colors_info=&#8221;{}&#8221;][et_pb_text _builder_version=&#8221;4.16&#8243; _module_preset=&#8221;default&#8221; header_3_font=&#8221;Alata||||||||&#8221; header_3_text_align=&#8221;left&#8221; header_3_text_color=&#8221;#FFFFFF&#8221; header_3_font_size=&#8221;35px&#8221; header_3_letter_spacing=&#8221;5px&#8221; custom_margin=&#8221;12px||||false|false&#8221; header_3_font_size_tablet=&#8221;&#8221; header_3_font_size_phone=&#8221;35px&#8221; header_3_font_size_last_edited=&#8221;on|phone&#8221; global_colors_info=&#8221;{}&#8221;]<\/p>\n<h3 style=\"text-align: center;\"><span style=\"color: #b19777;\">Cisza<br \/>\n<\/span><\/h3>\n<p>[\/et_pb_text][et_pb_divider color=&#8221;rgba(255,255,255,0.1)&#8221; divider_weight=&#8221;2px&#8221; _builder_version=&#8221;4.16&#8243; _module_preset=&#8221;default&#8221; max_width=&#8221;97px&#8221; module_alignment=&#8221;center&#8221; custom_margin=&#8221;-12px||||false|false&#8221; custom_margin_tablet=&#8221;-22px||||false|false&#8221; custom_margin_phone=&#8221;-22px||||false|false&#8221; custom_margin_last_edited=&#8221;on|phone&#8221; global_colors_info=&#8221;{}&#8221;][\/et_pb_divider][\/et_pb_column][\/et_pb_row][et_pb_row use_custom_gutter=&#8221;on&#8221; gutter_width=&#8221;2&#8243; make_equal=&#8221;on&#8221; _builder_version=&#8221;4.16&#8243; _module_preset=&#8221;default&#8221; width=&#8221;90%&#8221; width_tablet=&#8221;90%&#8221; width_phone=&#8221;90%&#8221; width_last_edited=&#8221;on|tablet&#8221; max_width=&#8221;1110px&#8221; max_width_tablet=&#8221;90%&#8221; max_width_phone=&#8221;90%&#8221; max_width_last_edited=&#8221;on|desktop&#8221; custom_padding=&#8221;0px||0px||true|&#8221; global_colors_info=&#8221;{}&#8221;][et_pb_column type=&#8221;4_4&#8243; _builder_version=&#8221;4.16&#8243; _module_preset=&#8221;default&#8221; global_colors_info=&#8221;{}&#8221;][et_pb_text _builder_version=&#8221;4.16&#8243; _module_preset=&#8221;default&#8221; text_font=&#8221;Didact Gothic||||||||&#8221; text_text_color=&#8221;#FFFFFF&#8221; text_font_size=&#8221;18px&#8221; text_line_height=&#8221;1.8em&#8221; module_alignment=&#8221;left&#8221; global_colors_info=&#8221;{}&#8221;]<\/p>\n<blockquote><\/blockquote>\n<p style=\"text-align: center;\"><strong><span style=\"font-size: x-large;\"><i>&#8220;Od muzyki pi\u0119kniejsza jest tylko cisza.&#8221;<\/i><\/span><\/strong><\/p>\n<p style=\"text-align: right;\"><span style=\"font-size: small;\">Claudel P., s\u0142owa wypowiedziane.\u00a0<\/span><\/p>\n<p style=\"text-align: justify;\"><span>Dokonamy wszelkich stara\u0144, aby mogli si\u0119 ni\u0105 Pa\u0144stwo delektowa\u0107. Posiadamy profesjonalny zestaw sk\u0142adaj\u0105cy si\u0119 z miernika poziomu ci\u015bnienia akustycznego wraz z kalibratorem, zatwierdzony przez G\u0142\u00f3wny Urz\u0105d Miar, z wa\u017cnym \u015bwiadectwem indywidualnego wzorcowania. <\/span><\/p>\n<p style=\"text-align: justify;\"><span>Dysponujemy tak\u017ce mo\u017cliwo\u015bci\u0105 pomiaru drga\u0144, jak i oprogramowaniem do szczeg\u00f3\u0142owej analizy wynik\u00f3w pomiar\u00f3w. Posiadamy ponad 10 lat komercyjnego do\u015bwiadczenia w zakresie redukcji drga\u0144 i ha\u0142asu. <\/span><\/p>\n<p style=\"text-align: justify;\"><span>Z przyjemno\u015bci\u0105 podejmiemy si\u0119 prac w zakresie redukcji drga\u0144 i ha\u0142asu maszyn, urz\u0105dze\u0144 i pojazd\u00f3w, prosimy o <span style=\"color: #ffffff;\"><a href=\"https:\/\/acousticpassion.com\/index.php\/kontakt\/\" style=\"color: #ffffff;\"><span style=\"text-decoration: underline;\">kontakt<\/span> <\/a><\/span>celem opisania Pa\u0144stwa zlecenia.<\/span><\/p>\n<p style=\"text-align: justify;\">Pami\u0119tajmy, \u017ce ha\u0142as jest zagro\u017ceniem dla naszego \u015brodowiska:<\/p>\n<ul style=\"text-align: justify;\">\n<li><em style=\"font-size: 18px;\">\u201eHa\u0142as jest nie tylko uci\u0105\u017cliwo\u015bci\u0105, ale coraz wi\u0119cej bada\u0144 wskazuje, jest to taka forma zanieczyszczanie \u015brodowiska, kt\u00f3ra stanowi r\u00f3wnie\u017c ryzyko r\u00f3\u017cnorodnych zaburze\u0144 zdrowia. Ha\u0142as powoduje zaburzenia snu, wp\u0142ywa na prac\u0119 uk\u0142adu hormonalnego, jest czynnikiem ryzyka nadci\u015bnienie t\u0119tniczego, chor\u00f3b uk\u0142adu kr\u0105\u017cenia i innych, stanowi\u0105c nie tylko problem dla zdrowia publicznego, ale tak\u017ce maj\u0105cy powa\u017cny wymiar spo\u0142eczny i ekonomiczny.\u201d<\/em><\/li>\n<\/ul>\n<p style=\"text-align: right;\"><span style=\"font-size: small;\">Pawlas K., Ha\u0142as jako czynnik zanieczyszczaj\u0105cy \u015brodowisko \u2013 aspekty medyczne, Medycyna \u015arodowiskowa &#8211; Environmental Medicine, 2015.<\/span><br \/><span style=\"font-size: small;\"><em><\/em><\/span><\/p>\n<ul>\n<li style=\"text-align: justify;\"><em>\u201eHa\u0142as jest specyficznym czynnikiem zanieczyszczaj\u0105cym \u015brodowisko, charakteryzuj\u0105cym si\u0119 mnogo\u015bci\u0105 \u017ar\u00f3de\u0142 i powszechno\u015bci\u0105 wyst\u0119powania we wszystkich systemach biosfery [\u2026]\u201d<\/em><\/li>\n<li style=\"text-align: justify;\"><em>\u201eHa\u0142as jest przyczyn\u0105 powszechnej degradacji \u015brodowiska. Pogarsza jego jako\u015b\u0107 nieraz do tego stopnia, \u017ce znaczne obszary biosfery nie mog\u0105 pe\u0142ni\u0107 swej funkcji. \u015awiadczy o tym fakt, \u017ce ha\u0142as o ponadnormatywnym poziomie obejmuje ponad 22% terenu naszego kraju. Na oddzia\u0142ywanie ha\u0142asu jest nara\u017cona znaczna cz\u0119\u015b\u0107 (33%) ludno\u015bci Polski.\u201d<\/em><\/li>\n<li style=\"text-align: justify;\"><em>\u201eLaeqT w \u015brodowisku naturalnym przekracza poziom t\u0142a o 10-32 dB, [\u2026]\u201d<\/em><\/li>\n<\/ul>\n<p style=\"text-align: right;\"><span style=\"font-size: small;\">Sadowski J., Kszta\u0142towanie klimatu akustycznego \u015brodowiska i jego ochrona przed ha\u0142asem i drganiami, Instytut Techniki Budowlanej, 1999.<\/span><\/p>\n<p><span><\/span><\/p>\n<p>[\/et_pb_text][\/et_pb_column][\/et_pb_row][et_pb_row _builder_version=&#8221;4.16&#8243; _module_preset=&#8221;default&#8221; custom_padding=&#8221;||2px|||&#8221; global_colors_info=&#8221;{}&#8221;][et_pb_column type=&#8221;4_4&#8243; _builder_version=&#8221;4.16&#8243; _module_preset=&#8221;default&#8221; global_colors_info=&#8221;{}&#8221;][et_pb_image src=&#8221;https:\/\/acousticpassion.com\/wp-content\/uploads\/2021\/11\/d296523b-2a67-4850-8c2a-2762bc533984-scaled.jpg&#8221; _builder_version=&#8221;4.16&#8243; _module_preset=&#8221;default&#8221; global_colors_info=&#8221;{}&#8221;][\/et_pb_image][\/et_pb_column][\/et_pb_row][\/et_pb_section][et_pb_section fb_built=&#8221;1&#8243; _builder_version=&#8221;4.10.4&#8243; _module_preset=&#8221;default&#8221; background_color=&#8221;#272727&#8243; global_module=&#8221;96&#8243; saved_tabs=&#8221;all&#8221; global_colors_info=&#8221;{}&#8221;][et_pb_row column_structure=&#8221;1_3,1_3,1_3&#8243; _builder_version=&#8221;4.16&#8243; _module_preset=&#8221;default&#8221; global_colors_info=&#8221;{}&#8221;][et_pb_column type=&#8221;1_3&#8243; _builder_version=&#8221;4.16&#8243; _module_preset=&#8221;default&#8221; global_colors_info=&#8221;{}&#8221;][et_pb_blurb title=&#8221;Acoustic Passion&#8221; use_icon=&#8221;on&#8221; font_icon=&#8221;&#xe108;||divi||400&#8243; icon_color=&#8221;#b19777&#8243; image_icon_width=&#8221;59px&#8221; _builder_version=&#8221;4.16&#8243; _module_preset=&#8221;default&#8221; header_font=&#8221;Alata||||||||&#8221; header_text_align=&#8221;center&#8221; header_text_color=&#8221;#FFFFFF&#8221; body_font=&#8221;Alata||||||||&#8221; body_text_align=&#8221;center&#8221; body_text_color=&#8221;#FFFFFF&#8221; body_font_size=&#8221;17px&#8221; icon_font_size=&#8221;59px&#8221; global_colors_info=&#8221;{}&#8221;][\/et_pb_blurb][\/et_pb_column][et_pb_column type=&#8221;1_3&#8243; _builder_version=&#8221;4.16&#8243; _module_preset=&#8221;default&#8221; global_colors_info=&#8221;{}&#8221;][et_pb_blurb use_icon=&#8221;on&#8221; font_icon=&#8221;&#xe090;||divi||400&#8243; icon_color=&#8221;#b19777&#8243; image_icon_width=&#8221;59px&#8221; _builder_version=&#8221;4.16&#8243; _module_preset=&#8221;default&#8221; header_font=&#8221;Alata||||||||&#8221; header_text_align=&#8221;center&#8221; header_text_color=&#8221;#FFFFFF&#8221; body_font=&#8221;Alata||||||||&#8221; body_text_align=&#8221;center&#8221; body_text_color=&#8221;#FFFFFF&#8221; body_font_size=&#8221;17px&#8221; icon_font_size=&#8221;59px&#8221; global_colors_info=&#8221;{}&#8221;]<\/p>\n<p>+ 48 888 34 33 32<\/p>\n<p>[\/et_pb_blurb][\/et_pb_column][et_pb_column type=&#8221;1_3&#8243; _builder_version=&#8221;4.16&#8243; _module_preset=&#8221;default&#8221; global_colors_info=&#8221;{}&#8221;][et_pb_blurb use_icon=&#8221;on&#8221; font_icon=&#8221;&#xe108;||divi||400&#8243; icon_color=&#8221;#b19777&#8243; image_icon_width=&#8221;59px&#8221; _builder_version=&#8221;4.16&#8243; _module_preset=&#8221;default&#8221; header_font=&#8221;Alata||||||||&#8221; header_text_align=&#8221;center&#8221; header_text_color=&#8221;#FFFFFF&#8221; body_font=&#8221;Alata||||||||&#8221; body_text_align=&#8221;center&#8221; body_text_color=&#8221;#FFFFFF&#8221; body_font_size=&#8221;17px&#8221; icon_font_size=&#8221;59px&#8221; global_colors_info=&#8221;{}&#8221;]<\/p>\n<p>info@AcousticPassion.com<\/p>\n<p>[\/et_pb_blurb][\/et_pb_column][\/et_pb_row][\/et_pb_section]<\/p>\n","protected":false},"excerpt":{"rendered":"<p>Akustyka z pasj\u0105Na indywidualne zam\u00f3wienieCisza &#8220;Od muzyki pi\u0119kniejsza jest tylko cisza.&#8221; Claudel P., s\u0142owa wypowiedziane.\u00a0 Dokonamy wszelkich stara\u0144, aby mogli si\u0119 ni\u0105 Pa\u0144stwo delektowa\u0107. Posiadamy profesjonalny zestaw sk\u0142adaj\u0105cy si\u0119 z miernika poziomu ci\u015bnienia akustycznego wraz z kalibratorem, zatwierdzony przez G\u0142\u00f3wny Urz\u0105d Miar, z wa\u017cnym \u015bwiadectwem indywidualnego wzorcowania. Dysponujemy tak\u017ce mo\u017cliwo\u015bci\u0105 pomiaru drga\u0144, jak i oprogramowaniem [&hellip;]<\/p>\n","protected":false},"author":1,"featured_media":0,"parent":0,"menu_order":0,"comment_status":"closed","ping_status":"closed","template":"","meta":{"_et_pb_use_builder":"on","_et_pb_old_content":"","_et_gb_content_width":"","footnotes":""},"class_list":["post-10","page","type-page","status-publish","hentry"],"_links":{"self":[{"href":"https:\/\/acousticpassion.com\/index.php\/wp-json\/wp\/v2\/pages\/10","targetHints":{"allow":["GET"]}}],"collection":[{"href":"https:\/\/acousticpassion.com\/index.php\/wp-json\/wp\/v2\/pages"}],"about":[{"href":"https:\/\/acousticpassion.com\/index.php\/wp-json\/wp\/v2\/types\/page"}],"author":[{"embeddable":true,"href":"https:\/\/acousticpassion.com\/index.php\/wp-json\/wp\/v2\/users\/1"}],"replies":[{"embeddable":true,"href":"https:\/\/acousticpassion.com\/index.php\/wp-json\/wp\/v2\/comments?post=10"}],"version-history":[{"count":0,"href":"https:\/\/acousticpassion.com\/index.php\/wp-json\/wp\/v2\/pages\/10\/revisions"}],"wp:attachment":[{"href":"https:\/\/acousticpassion.com\/index.php\/wp-json\/wp\/v2\/media?parent=10"}],"curies":[{"name":"wp","href":"https:\/\/api.w.org\/{rel}","templated":true}]}}